{"id":123,"date":"2023-09-14T01:27:50","date_gmt":"2023-09-13T22:27:50","guid":{"rendered":"https:\/\/vaasanhiihtajat.com\/v1\/?page_id=123"},"modified":"2025-12-15T09:23:26","modified_gmt":"2025-12-15T07:23:26","slug":"yhteystiedot","status":"publish","type":"page","link":"https:\/\/vaasanhiihtajat.com\/v1\/yhteystiedot\/","title":{"rendered":"Yhteystiedot"},"content":{"rendered":"\n<h2 class=\"wp-block-heading\">Johtokunta kaudella 2025-26<\/h2>\n\n\n\n<div class=\"wp-block-group is-layout-constrained wp-block-group-is-layout-constrained\"><div class=\"wp-block-group__inner-container\">\n<figure class=\"wp-block-table is-style-regular\"><table><tbody><tr><td><strong>Jussi Pouttu<\/strong><br><em>Puheenjohtaja<\/em><\/td><td>040 8371554<br>jussi.pouttu@vaasanhiihtajat.com<\/td><\/tr><tr><td><strong>Toni Ketel\u00e4<\/strong><br><em>Varapuheenjohtaja<\/em><\/td><td><\/td><\/tr><tr><td><strong>Oskari Halmem\u00e4ki<\/strong><br><em>Sihteeri<\/em><\/td><td>050 5700877<br>oskari.halmesmaki@vaasanhiihtajat.com<\/td><\/tr><tr><td><strong>Riikka Alaluusua<\/strong><br><em>Rahastonhoitaja<\/em><\/td><td>050 5735084<br>Kivenhakkaajankatu 6<br>65100 Vaasa<br>rahastonhoitaja@vaasanhiihtajat.com<br>riikka.alaluusua@vaasanhiihtajat.com<\/td><\/tr><tr><td><strong>Heidi Lindfors<\/strong><br><em>J\u00e4senkirjuri<\/em><\/td><td>jasenrekisteri@vaasanhiihtajat.com<br>heidi.lindfors@vaasanhiihtajat.com<\/td><\/tr><tr><td><strong>Anni Ruostekoski<\/strong><\/td><td>\u00a0anni.ruostekoski@vaasanhiihtajat.com<\/td><\/tr><tr><td><strong>Asko Karppinen<\/strong><\/td><td>\u00a0asko.karppinen@vaasanhiihtajat.com<\/td><\/tr><tr><td><strong>Maria J\u00e4rvi-Laturi<\/strong><\/td><td>\u00a0maria.jarvi-laturi@vaasanhiihtajat.com<\/td><\/tr><tr><td><strong>Joonas M\u00e4kel\u00e4<\/strong><\/td><td><\/td><\/tr><tr><td><strong>Hannu Halmesm\u00e4ki<\/strong><\/td><td>hannu.halmesmaki@vaasanhiihtajat.com<\/td><\/tr><\/tbody><\/table><figcaption class=\"wp-element-caption\">Kysytt\u00e4v\u00e4\u00e4 hiihtokouluista tai Sy\u00f6temajan vuokraamisesta? <br>hiihtokoulu@vaasanhiihtajat.com <br>mokki@vaasanhiihtajat.com<\/figcaption><\/figure>\n<\/div><\/div>\n","protected":false},"excerpt":{"rendered":"<p>Johtokunta kaudella 2025-26 Jussi PouttuPuheenjohtaja 040 8371554jussi.pouttu@vaasanhiihtajat.com Toni Ketel\u00e4Varapuheenjohtaja Oskari Halmem\u00e4kiSihteeri 050 5700877oskari.halmesmaki@vaasanhiihtajat.com Riikka AlaluusuaRahastonhoitaja 050 5735084Kivenhakkaajankatu 665100 Vaasarahastonhoitaja@vaasanhiihtajat.comriikka.alaluusua@vaasanhiihtajat.com Heidi LindforsJ\u00e4senkirjuri jasenrekisteri@vaasanhiihtajat.comheidi.lindfors@vaasanhiihtajat.com Anni Ruostekoski \u00a0anni.ruostekoski@vaasanhiihtajat.com Asko Karppinen \u00a0asko.karppinen@vaasanhiihtajat.com Maria J\u00e4rvi-Laturi \u00a0maria.jarvi-laturi@vaasanhiihtajat.com Joonas M\u00e4kel\u00e4 Hannu Halmesm\u00e4ki hannu.halmesmaki@vaasanhiihtajat.com Kysytt\u00e4v\u00e4\u00e4 hiihtokouluista tai Sy\u00f6temajan vuokraamisesta? hiihtokoulu@vaasanhiihtajat.com mokki@vaasanhiihtajat.com<\/p>\n","protected":false},"author":3,"featured_media":0,"parent":0,"menu_order":0,"comment_status":"closed","ping_status":"closed","template":"","meta":{"footnotes":""},"_links":{"self":[{"href":"https:\/\/vaasanhiihtajat.com\/v1\/wp-json\/wp\/v2\/pages\/123"}],"collection":[{"href":"https:\/\/vaasanhiihtajat.com\/v1\/wp-json\/wp\/v2\/pages"}],"about":[{"href":"https:\/\/vaasanhiihtajat.com\/v1\/wp-json\/wp\/v2\/types\/page"}],"author":[{"embeddable":true,"href":"https:\/\/vaasanhiihtajat.com\/v1\/wp-json\/wp\/v2\/users\/3"}],"replies":[{"embeddable":true,"href":"https:\/\/vaasanhiihtajat.com\/v1\/wp-json\/wp\/v2\/comments?post=123"}],"version-history":[{"count":23,"href":"https:\/\/vaasanhiihtajat.com\/v1\/wp-json\/wp\/v2\/pages\/123\/revisions"}],"predecessor-version":[{"id":843,"href":"https:\/\/vaasanhiihtajat.com\/v1\/wp-json\/wp\/v2\/pages\/123\/revisions\/843"}],"wp:attachment":[{"href":"https:\/\/vaasanhiihtajat.com\/v1\/wp-json\/wp\/v2\/media?parent=123"}],"curies":[{"name":"wp","href":"https:\/\/api.w.org\/{rel}","templated":true}]}}