{"id":355,"date":"2024-01-29T10:20:44","date_gmt":"2024-01-29T08:20:44","guid":{"rendered":"https:\/\/vaasanhiihtajat.com\/v1\/?page_id=355"},"modified":"2024-01-29T10:21:07","modified_gmt":"2024-01-29T08:21:07","slug":"hiihtajan-tukeminen","status":"publish","type":"page","link":"https:\/\/vaasanhiihtajat.com\/v1\/hiihtajan-tukeminen\/","title":{"rendered":"Hiiht\u00e4j\u00e4n tukeminen"},"content":{"rendered":"\n<p>Kilometri korvaukset korvattaviin kilpailuihin pidet\u00e4\u00e4n 0,25\u20ac\/km ja majoituskuluihin 50\u20ac per kilpailija ja 50\u20ac per huoltaja.<\/p>\n\n\n\n<p>Mik\u00e4li hiiht\u00e4j\u00e4 edustaa seuraa:<\/p>\n\n\n\n<ul class=\"wp-block-list\">\n<li>Seura maksaa hiiht\u00e4j\u00e4n osallistumismaksun normaalikilpailuihin.<\/li>\n\n\n\n<li>Kotimaassa j\u00e4rjestett\u00e4vien massahiihtojen osanottomaksuja maksetaan seuran j\u00e4senille 50 % halvimmasta ilmoittautumismaksusta tapahtumaa kohden (enint\u00e4\u00e4n viidest\u00e4 kilpailusta vuotta kohden).<\/li>\n\n\n\n<li>Piirinmestaruuskilpailuista maksetaan my\u00f6s kilometrikorvaus, joka on kaudella 2023\u20132024 asetettu 0,25 \u20ac kilometrilt\u00e4.<\/li>\n<\/ul>\n\n\n\n<p>Alla mainituista kilpailuista seura maksaa osallistumis- ja kilometrikorvauksen lis\u00e4ksi majoituksen kahdelle hengelle (hiiht\u00e4j\u00e4+yksi huoltaja). Majoituskorvausta saa enint\u00e4\u00e4n 50 \u20ac henke\u00e4 kohden vuorokaudessa eli kahdelle yhteens\u00e4 enint\u00e4\u00e4n 100 \u20ac vuorokaudessa.<\/p>\n\n\n\n<ul class=\"wp-block-list\">\n<li>Suomenmestaruuskilpailut<\/li>\n\n\n\n<li>Hopeasompakilpailut (13-16-vuotiaiden vastaava kuin SM)<\/li>\n\n\n\n<li>Vaihtoehtoisesti kaksi kilpailua seuraavista:<ul><li>Oman ik\u00e4luokkansa MM\/PM-kisojen tarkkailukisat<\/li><\/ul><ul><li>FIS-kisat<\/li><\/ul>\n<ul class=\"wp-block-list\">\n<li>Suomen Cup-kilpailu<\/li>\n<\/ul>\n<\/li>\n<\/ul>\n","protected":false},"excerpt":{"rendered":"<p>Kilometri korvaukset korvattaviin kilpailuihin pidet\u00e4\u00e4n 0,25\u20ac\/km ja majoituskuluihin 50\u20ac per kilpailija ja 50\u20ac per huoltaja. Mik\u00e4li hiiht\u00e4j\u00e4 edustaa seuraa: Alla mainituista kilpailuista seura maksaa osallistumis- ja kilometrikorvauksen lis\u00e4ksi majoituksen kahdelle hengelle (hiiht\u00e4j\u00e4+yksi huoltaja). Majoituskorvausta saa enint\u00e4\u00e4n 50 \u20ac henke\u00e4 kohden vuorokaudessa eli kahdelle yhteens\u00e4 enint\u00e4\u00e4n 100 \u20ac vuorokaudessa.<\/p>\n","protected":false},"author":4,"featured_media":0,"parent":0,"menu_order":0,"comment_status":"closed","ping_status":"closed","template":"","meta":{"footnotes":""},"class_list":["post-355","page","type-page","status-publish","hentry"],"_links":{"self":[{"href":"https:\/\/vaasanhiihtajat.com\/v1\/wp-json\/wp\/v2\/pages\/355","targetHints":{"allow":["GET"]}}],"collection":[{"href":"https:\/\/vaasanhiihtajat.com\/v1\/wp-json\/wp\/v2\/pages"}],"about":[{"href":"https:\/\/vaasanhiihtajat.com\/v1\/wp-json\/wp\/v2\/types\/page"}],"author":[{"embeddable":true,"href":"https:\/\/vaasanhiihtajat.com\/v1\/wp-json\/wp\/v2\/users\/4"}],"replies":[{"embeddable":true,"href":"https:\/\/vaasanhiihtajat.com\/v1\/wp-json\/wp\/v2\/comments?post=355"}],"version-history":[{"count":2,"href":"https:\/\/vaasanhiihtajat.com\/v1\/wp-json\/wp\/v2\/pages\/355\/revisions"}],"predecessor-version":[{"id":357,"href":"https:\/\/vaasanhiihtajat.com\/v1\/wp-json\/wp\/v2\/pages\/355\/revisions\/357"}],"wp:attachment":[{"href":"https:\/\/vaasanhiihtajat.com\/v1\/wp-json\/wp\/v2\/media?parent=355"}],"curies":[{"name":"wp","href":"https:\/\/api.w.org\/{rel}","templated":true}]}}