{"id":48,"date":"2023-09-13T17:21:23","date_gmt":"2023-09-13T17:21:23","guid":{"rendered":"https:\/\/vaasanhiihtajat.com\/v1\/?page_id=48"},"modified":"2024-11-27T13:10:38","modified_gmt":"2024-11-27T11:10:38","slug":"syotemaja","status":"publish","type":"page","link":"https:\/\/vaasanhiihtajat.com\/v1\/syotemaja\/","title":{"rendered":"Sy\u00f6temaja"},"content":{"rendered":"\n<blockquote class=\"wp-block-quote is-layout-flow wp-block-quote-is-layout-flow\">\n<blockquote class=\"wp-block-quote is-layout-flow wp-block-quote-is-layout-flow\">\n<p><\/p>\n<cite>Vaasan Hiiht\u00e4jien edustusm\u00f6kki Sy\u00f6temaja sijaitsee hyvien yhteyksien p\u00e4\u00e4ss\u00e4 Suomen etel\u00e4isimm\u00e4n tunturin l\u00e4heisyydess\u00e4 ja tarjoaa Iso-Sy\u00f6tteen tunturialueen jylh\u00e4n luonnon ja paljon harrastusmahdollisuuksia jokaisena vuodenaikana. Tuntureiden p\u00e4\u00e4lt\u00e4 avautuu uskomattomat maisemat, luonnonrauhaa ja monipuoliset kansallispuiston reitit.<\/cite><\/blockquote>\n\n\n\n<div class=\"wp-block-buttons is-content-justification-center is-layout-flex wp-container-core-buttons-is-layout-16018d1d wp-block-buttons-is-layout-flex\">\n<div class=\"wp-block-button\"><a class=\"wp-block-button__link wp-element-button\" href=\"https:\/\/syote.fluentprogress.fi\/outdoors\" target=\"_blank\" rel=\"noreferrer noopener\">Sy\u00f6tteen latukartta<\/a><\/div>\n\n\n\n<div class=\"wp-block-button\"><a class=\"wp-block-button__link wp-element-button\" href=\"https:\/\/syote.fi\/\" target=\"_blank\" rel=\"noreferrer noopener\">Sy\u00f6te<\/a><\/div>\n<\/div>\n\n\n\n<h2 class=\"wp-block-heading\">Tervetuloa majoittumaan uudistetulle Sy\u00f6temajalle. M\u00f6kiss\u00e4 majoittuu 8 henkil\u00f6\u00e4 kahden hengen huoneissa. Lis\u00e4ksi kahdessa huoneessa varavuodepatja.<\/h2>\n\n\n\n<div class=\"wp-block-buttons is-content-justification-center is-layout-flex wp-container-core-buttons-is-layout-16018d1d wp-block-buttons-is-layout-flex\">\n<div class=\"wp-block-button has-custom-width wp-block-button__width-50\"><a class=\"wp-block-button__link has-text-align-center wp-element-button\" href=\"https:\/\/vaasanhiihtajat.com\/syotemaja\/esite.pdf\" target=\"_blank\" rel=\"noreferrer noopener\">Avaa pdf esite<\/a><\/div>\n<\/div>\n<\/blockquote>\n\n\n\n<figure id=\"Sy\u00f6temaja-esittely-video\" class=\"wp-block-video\"><video controls poster=\"https:\/\/vaasanhiihtajat.com\/v1\/wp-content\/uploads\/2023\/09\/Syotemaja_olohuone.png\" preload=\"none\" src=\"https:\/\/vaasanhiihtajat.com\/v1\/wp-content\/uploads\/2023\/09\/Sy%C3%B6temaja_esittely.mp4\"><\/video><\/figure>\n\n\n\n<h2 class=\"wp-block-heading\">Vaasan Hiiht\u00e4j\u00e4t Sy\u00f6temaja on nyt vuokrattavissa. <strong>Mik\u00e4li olet seuran j\u00e4sen tarkista j\u00e4senhinta ja varausehdot j\u00e4senrekisterist\u00e4.<\/strong> J\u00e4senet varaavat m\u00f6kki\u00e4 edullisella j\u00e4senhinnalla s\u00e4hk\u00f6postitse <a href=\"mailto:mokki@vaasanhiihtajat.com\">mokki@vaasanhiihtajat.com<\/a>. <\/h2>\n\n\n\n<h2 class=\"wp-block-heading\">My\u00f6s yhdistykset ja yritykset voivat liitty\u00e4 kannatusj\u00e4seniksi ja tarjota j\u00e4senhintaista majoitusta henkil\u00f6st\u00f6lleen. <\/h2>\n\n\n\n<h2 class=\"wp-block-heading\">Ei-j\u00e4senet varaavat majoituksen Sy\u00f6tteen Keskusvaraamon kautta.<\/h2>\n\n\n\n<div class=\"wp-block-buttons is-layout-flex wp-block-buttons-is-layout-flex\">\n<div class=\"wp-block-button\"><a class=\"wp-block-button__link wp-element-button\" href=\"https:\/\/syote.net\/kohde\/#!\/syotemaja\/SYOTEMA\/2023-12-18\/2023-12-29\/2\/0\/0\" target=\"_blank\" rel=\"noreferrer noopener\">Sy\u00f6tteen keskusvaraamo<\/a><\/div>\n\n\n\n<div class=\"wp-block-button\"><a class=\"wp-block-button__link wp-element-button\" href=\"https:\/\/vaasanhiihtajat.sporttisaitti.com\/jasensivut\/syotemaja\/\" target=\"_blank\" rel=\"noreferrer noopener\">Tarkista j\u00e4senetu j\u00e4senrekisterist\u00e4<\/a><\/div>\n<\/div>\n\n\n\n<figure class=\"wp-block-gallery has-nested-images columns-default is-cropped wp-block-gallery-1 is-layout-flex wp-block-gallery-is-layout-flex\">\n<figure class=\"wp-block-image size-large is-style-rounded\"><img loading=\"lazy\" decoding=\"async\" width=\"576\" height=\"1024\" data-id=\"184\" src=\"https:\/\/vaasanhiihtajat.com\/v1\/wp-content\/uploads\/2023\/09\/Syotemaja_olohuone-576x1024.png\" alt=\"\" class=\"wp-image-184\" srcset=\"https:\/\/vaasanhiihtajat.com\/v1\/wp-content\/uploads\/2023\/09\/Syotemaja_olohuone-576x1024.png 576w, https:\/\/vaasanhiihtajat.com\/v1\/wp-content\/uploads\/2023\/09\/Syotemaja_olohuone-169x300.png 169w, https:\/\/vaasanhiihtajat.com\/v1\/wp-content\/uploads\/2023\/09\/Syotemaja_olohuone-768x1365.png 768w, https:\/\/vaasanhiihtajat.com\/v1\/wp-content\/uploads\/2023\/09\/Syotemaja_olohuone-864x1536.png 864w, https:\/\/vaasanhiihtajat.com\/v1\/wp-content\/uploads\/2023\/09\/Syotemaja_olohuone.png 1080w\" sizes=\"auto, (max-width: 576px) 100vw, 576px\" \/><figcaption class=\"wp-element-caption\">Olohuone<\/figcaption><\/figure>\n\n\n\n<figure class=\"wp-block-image size-large is-style-rounded\"><img loading=\"lazy\" decoding=\"async\" width=\"576\" height=\"1024\" data-id=\"185\" src=\"https:\/\/vaasanhiihtajat.com\/v1\/wp-content\/uploads\/2023\/09\/Syotemaja_pienihuone-576x1024.png\" alt=\"\" class=\"wp-image-185\" srcset=\"https:\/\/vaasanhiihtajat.com\/v1\/wp-content\/uploads\/2023\/09\/Syotemaja_pienihuone-576x1024.png 576w, https:\/\/vaasanhiihtajat.com\/v1\/wp-content\/uploads\/2023\/09\/Syotemaja_pienihuone-169x300.png 169w, https:\/\/vaasanhiihtajat.com\/v1\/wp-content\/uploads\/2023\/09\/Syotemaja_pienihuone-768x1365.png 768w, https:\/\/vaasanhiihtajat.com\/v1\/wp-content\/uploads\/2023\/09\/Syotemaja_pienihuone-864x1536.png 864w, https:\/\/vaasanhiihtajat.com\/v1\/wp-content\/uploads\/2023\/09\/Syotemaja_pienihuone.png 1080w\" sizes=\"auto, (max-width: 576px) 100vw, 576px\" \/><figcaption class=\"wp-element-caption\">Pieni makuuhuone<\/figcaption><\/figure>\n\n\n\n<figure class=\"wp-block-image size-large is-style-rounded\"><img loading=\"lazy\" decoding=\"async\" width=\"576\" height=\"1024\" data-id=\"183\" src=\"https:\/\/vaasanhiihtajat.com\/v1\/wp-content\/uploads\/2023\/09\/Syotemaja_keittio-576x1024.png\" alt=\"\" class=\"wp-image-183\" srcset=\"https:\/\/vaasanhiihtajat.com\/v1\/wp-content\/uploads\/2023\/09\/Syotemaja_keittio-576x1024.png 576w, https:\/\/vaasanhiihtajat.com\/v1\/wp-content\/uploads\/2023\/09\/Syotemaja_keittio-169x300.png 169w, https:\/\/vaasanhiihtajat.com\/v1\/wp-content\/uploads\/2023\/09\/Syotemaja_keittio-768x1365.png 768w, https:\/\/vaasanhiihtajat.com\/v1\/wp-content\/uploads\/2023\/09\/Syotemaja_keittio-864x1536.png 864w, https:\/\/vaasanhiihtajat.com\/v1\/wp-content\/uploads\/2023\/09\/Syotemaja_keittio.png 1080w\" sizes=\"auto, (max-width: 576px) 100vw, 576px\" \/><figcaption class=\"wp-element-caption\">Keitti\u00f6<\/figcaption><\/figure>\n<\/figure>\n\n\n\n<div class=\"wp-block-group is-nowrap is-layout-flex wp-container-core-group-is-layout-ad2f72ca wp-block-group-is-layout-flex\">\n<div class=\"wp-block-group\"><div class=\"wp-block-group__inner-container is-layout-constrained wp-block-group-is-layout-constrained\">\n<h3 class=\"wp-block-heading\">M\u00f6kin varustus<\/h3>\n\n\n\n<ul class=\"wp-block-list\">\n<li>Ilmal\u00e4mp\u00f6pumppu<\/li>\n\n\n\n<li>Takka<\/li>\n\n\n\n<li>Suihku 2 kpl<\/li>\n\n\n\n<li>S\u00e4hk\u00f6sauna<\/li>\n\n\n\n<li>WC yhteens\u00e4 2 kpl<\/li>\n\n\n\n<li>TV olohuoneessa sek\u00e4 yhdess\u00e4 makuuhuoneessa<\/li>\n\n\n\n<li>Induktioliesi sek\u00e4 uuni<\/li>\n\n\n\n<li>J\u00e4\u00e4kaappi ja pakastin<\/li>\n\n\n\n<li>Mikroaaltouuni<\/li>\n\n\n\n<li>Astianpesukone<\/li>\n\n\n\n<li>Pyykinpesukone<\/li>\n\n\n\n<li>Vauvan punkka<\/li>\n\n\n\n<li>Potta<\/li>\n\n\n\n<li>Kuivauskaappi 2 kpl<\/li>\n\n\n\n<li>Sy\u00f6tt\u00f6tuoli<\/li>\n\n\n\n<li>Lasten matkas\u00e4nky<\/li>\n\n\n\n<li>Auton l\u00e4mmityspistorasia<\/li>\n\n\n\n<li>L\u00e4mmitett\u00e4v\u00e4 huoltorakennus suksien voitelua varten<\/li>\n<\/ul>\n<\/div><\/div>\n\n\n\n<div class=\"wp-block-group is-vertical is-layout-flex wp-container-core-group-is-layout-8cf370e7 wp-block-group-is-layout-flex\">\n<h2 class=\"wp-block-heading\">L\u00e4hipalvelut<\/h2>\n\n\n\n<ul class=\"wp-block-list\">\n<li>Hiihtoladulle 10 metri\u00e4<\/li>\n\n\n\n<li>Hiihtokeskukseen 5,5 km<\/li>\n\n\n\n<li>Kauppaan 5,5 km<\/li>\n\n\n\n<li>Kansallispuistoon 1,5 km<\/li>\n\n\n\n<li>Hiihtohissille 5,5 km<\/li>\n\n\n\n<li>Latuverkon pituus 120 km<\/li>\n<\/ul>\n<\/div>\n<\/div>\n\n\n\n<details class=\"wp-block-details is-layout-flow wp-block-details-is-layout-flow\"><summary>Vaasan Hiiht\u00e4jien maja (120 m2) sijaitsee Iso-Sy\u00f6tteen talviurheilukeskuksen l\u00e4heisyydess\u00e4 Pytkynharjun pohjoispuolella. Majan osoite on Pytkynojantie 8.  <br>Klikkaa lis\u00e4\u00e4&#8230;<\/summary>\n<p><\/p>\n\n\n\n<figure class=\"wp-block-image size-large\"><img loading=\"lazy\" decoding=\"async\" width=\"732\" height=\"1024\" src=\"https:\/\/vaasanhiihtajat.com\/v1\/wp-content\/uploads\/2023\/09\/Syotemaja_kartta-732x1024.jpg\" alt=\"\" class=\"wp-image-271\" srcset=\"https:\/\/vaasanhiihtajat.com\/v1\/wp-content\/uploads\/2023\/09\/Syotemaja_kartta-732x1024.jpg 732w, https:\/\/vaasanhiihtajat.com\/v1\/wp-content\/uploads\/2023\/09\/Syotemaja_kartta-215x300.jpg 215w, https:\/\/vaasanhiihtajat.com\/v1\/wp-content\/uploads\/2023\/09\/Syotemaja_kartta-768x1074.jpg 768w, https:\/\/vaasanhiihtajat.com\/v1\/wp-content\/uploads\/2023\/09\/Syotemaja_kartta.jpg 866w\" sizes=\"auto, (max-width: 732px) 100vw, 732px\" \/><\/figure>\n\n\n\n<div class=\"wp-block-buttons is-layout-flex wp-block-buttons-is-layout-flex\">\n<div class=\"wp-block-button\"><a class=\"wp-block-button__link wp-element-button\" href=\"https:\/\/www.google.com\/maps\/dir\/\/Pytkynojantie+8,+Pudasj%C3%A4rvi\/\" target=\"_blank\" rel=\"noreferrer noopener\">Navigoi  kohteeseen<\/a><\/div>\n<\/div>\n<\/details>\n\n\n\n<p><br>Kyselyt ja varaukset s\u00e4hk\u00f6postitse<br>e-mail:&nbsp;<a href=\"mailto:mokki@vaasanhiihtajat.com\">mokki@vaasanhiihtajat.com<\/a><\/p>\n","protected":false},"excerpt":{"rendered":"<p>Vaasan Hiiht\u00e4j\u00e4t Sy\u00f6temaja on nyt vuokrattavissa. Mik\u00e4li olet seuran j\u00e4sen tarkista j\u00e4senhinta ja varausehdot j\u00e4senrekisterist\u00e4. J\u00e4senet varaavat m\u00f6kki\u00e4 edullisella j\u00e4senhinnalla s\u00e4hk\u00f6postitse mokki@vaasanhiihtajat.com. My\u00f6s yhdistykset ja yritykset voivat liitty\u00e4 kannatusj\u00e4seniksi ja tarjota j\u00e4senhintaista majoitusta henkil\u00f6st\u00f6lleen. Ei-j\u00e4senet varaavat majoituksen Sy\u00f6tteen Keskusvaraamon kautta. M\u00f6kin varustus L\u00e4hipalvelut Kyselyt ja varaukset s\u00e4hk\u00f6postitsee-mail:&nbsp;mokki@vaasanhiihtajat.com<\/p>\n","protected":false},"author":3,"featured_media":139,"parent":0,"menu_order":0,"comment_status":"closed","ping_status":"closed","template":"","meta":{"footnotes":""},"class_list":["post-48","page","type-page","status-publish","has-post-thumbnail","hentry"],"_links":{"self":[{"href":"https:\/\/vaasanhiihtajat.com\/v1\/wp-json\/wp\/v2\/pages\/48","targetHints":{"allow":["GET"]}}],"collection":[{"href":"https:\/\/vaasanhiihtajat.com\/v1\/wp-json\/wp\/v2\/pages"}],"about":[{"href":"https:\/\/vaasanhiihtajat.com\/v1\/wp-json\/wp\/v2\/types\/page"}],"author":[{"embeddable":true,"href":"https:\/\/vaasanhiihtajat.com\/v1\/wp-json\/wp\/v2\/users\/3"}],"replies":[{"embeddable":true,"href":"https:\/\/vaasanhiihtajat.com\/v1\/wp-json\/wp\/v2\/comments?post=48"}],"version-history":[{"count":55,"href":"https:\/\/vaasanhiihtajat.com\/v1\/wp-json\/wp\/v2\/pages\/48\/revisions"}],"predecessor-version":[{"id":617,"href":"https:\/\/vaasanhiihtajat.com\/v1\/wp-json\/wp\/v2\/pages\/48\/revisions\/617"}],"wp:featuredmedia":[{"embeddable":true,"href":"https:\/\/vaasanhiihtajat.com\/v1\/wp-json\/wp\/v2\/media\/139"}],"wp:attachment":[{"href":"https:\/\/vaasanhiihtajat.com\/v1\/wp-json\/wp\/v2\/media?parent=48"}],"curies":[{"name":"wp","href":"https:\/\/api.w.org\/{rel}","templated":true}]}}