{"id":91,"date":"2023-09-13T23:33:29","date_gmt":"2023-09-13T20:33:29","guid":{"rendered":"https:\/\/vaasanhiihtajat.com\/v1\/?page_id=91"},"modified":"2023-09-24T20:37:30","modified_gmt":"2023-09-24T17:37:30","slug":"5-tuoreinta-uutista","status":"publish","type":"page","link":"https:\/\/vaasanhiihtajat.com\/v1\/","title":{"rendered":"Viimeisimm\u00e4t uutiset"},"content":{"rendered":"<ul class=\"wp-block-latest-posts__list wp-block-latest-posts\"><li><a class=\"wp-block-latest-posts__post-title\" href=\"https:\/\/vaasanhiihtajat.com\/v1\/kauden-2025-2026-paatostilaisuus\/\">Kauden 2025-2026 p\u00e4\u00e4t\u00f6stilaisuus<\/a><div class=\"wp-block-latest-posts__post-full-content\"><!-- wp:paragraph -->\n<p>Hiihtokauden p\u00e4\u00e4t\u00f6stilaisuus j\u00e4rjestet\u00e4\u00e4n OP L\u00e4nsirannikon edustustiloissa tiistaina 12.5.2026 klo 18.00. Osoite on Raastuvankatu 16. <\/p>\n<!-- \/wp:paragraph -->\n\n<!-- wp:paragraph -->\n<p>Kaikki hiihtokoululaiset ja -treeneiss\u00e4 k\u00e4yneet palkitaan. Tarjolla pient\u00e4 purtavaa. <\/p>\n<!-- \/wp:paragraph -->\n\n<!-- wp:paragraph -->\n<p><a href=\"https:\/\/vaasanhiihtajat.sporttisaitti.com\/kaudenpaatos\/\" data-type=\"link\" data-id=\"https:\/\/vaasanhiihtajat.sporttisaitti.com\/kaudenpaatos\/\" target=\"_blank\" rel=\"noreferrer noopener\">Ilmoittaudu <\/a>mukaan viimeist\u00e4\u00e4n ma 4.5. <\/p>\n<!-- \/wp:paragraph --><\/div><\/li>\n<li><a class=\"wp-block-latest-posts__post-title\" href=\"https:\/\/vaasanhiihtajat.com\/v1\/koululaishiihdot-12-3-2026\/\">Koululaishiihdot 12.3.2026<\/a><div class=\"wp-block-latest-posts__post-full-content\"><!-- wp:paragraph -->\n<p>Koululaishiihdot kisaillaan torstaina 12.3 \u00d6jbergetill\u00e4 klo 10 alkaen.\u00a0<\/p>\n<!-- \/wp:paragraph -->\n\n<!-- wp:paragraph -->\n<p><strong>TULOKSET 2-5lk<\/strong>: <a href=\"https:\/\/vaasanhiihtajat.com\/v1\/wp-content\/uploads\/2026\/03\/koululaishiihdot-tulokset-2-5lk-202_uusi.htm\" data-type=\"attachment\" data-id=\"941\">katso t\u00e4st\u00e4<\/a><\/p>\n<!-- \/wp:paragraph -->\n\n<!-- wp:paragraph -->\n<p><strong>TULOKSET 6-9lk:<\/strong> <a href=\"https:\/\/vaasanhiihtajat.com\/v1\/wp-content\/uploads\/2026\/03\/koululaishiihdot-tulokset-6-9lk-2026.htm\" data-type=\"attachment\" data-id=\"938\">katso t\u00e4st\u00e4<\/a><\/p>\n<!-- \/wp:paragraph -->\n\n<!-- wp:paragraph -->\n<p>T\u00e4m\u00e4n vuoden kilpailuun on tullut niin paljon ilmoittautuneita, ett\u00e4 olemme joutuneet jakamaan kilpailun\u00a0<strong>kahteen osaan<\/strong>\u00a0numerolappujen riitt\u00e4vyyden takaamiseksi. Kisan ensimm\u00e4isess\u00e4 osassa hiiht\u00e4v\u00e4t 2-5lk (startti klo 10) ja toisessa osassa 6-9lk (startti klo 11.45). <strong>Toisessa kilpailussa hiihdet\u00e4\u00e4n ensimm\u00e4isen kilpailun numeroilla, joten numeroiden palautus heti oman kilpailun j\u00e4lkeen on \u00e4\u00e4rimm\u00e4isen t\u00e4rke\u00e4\u00e4!\u00a0<\/strong><\/p>\n<!-- \/wp:paragraph -->\n\n<!-- wp:paragraph -->\n<p>Alla viel\u00e4 lis\u00e4infoa sek\u00e4 reittikartat\u00a0(alakoulu 1km ja yl\u00e4koulu 2km) sek\u00e4\u00a0l\u00e4ht\u00f6listat.  Ratoihin kannattaa tutustua jo etuk\u00e4teen. <\/p>\n<!-- \/wp:paragraph -->\n\n<!-- wp:paragraph -->\n<p><strong>L\u00c4HT\u00d6LISTA 2-5lk:<\/strong> <a href=\"https:\/\/vaasanhiihtajat.com\/v1\/wp-content\/uploads\/2026\/03\/Koululaishiihdot_lahtolista_2_5lk_2026.pdf\" data-type=\"attachment\" data-id=\"931\">katso t\u00e4st\u00e4<\/a><\/p>\n<!-- \/wp:paragraph -->\n\n<!-- wp:paragraph -->\n<p><strong>L\u00c4HT\u00d6LISTA 6-9lk: <\/strong><a href=\"https:\/\/vaasanhiihtajat.com\/v1\/wp-content\/uploads\/2026\/03\/Koululaishiihdot_lahtolista_6_9lk_2026.pdf\" data-type=\"attachment\" data-id=\"932\">katso t\u00e4st\u00e4<\/a><\/p>\n<!-- \/wp:paragraph -->\n\n<!-- wp:paragraph -->\n<p><strong>REITTIKARTAT: <\/strong><a href=\"https:\/\/vaasanhiihtajat.com\/v1\/wp-content\/uploads\/2026\/03\/Reittikartat_Kouluhiihdot26.pdf\" data-type=\"attachment\" data-id=\"933\">katso t\u00e4st\u00e4<\/a><\/p>\n<!-- \/wp:paragraph -->\n\n<!-- wp:paragraph -->\n<p><strong>Muuta t\u00e4rke\u00e4\u00e4:\u00a0<\/strong><\/p>\n<!-- \/wp:paragraph -->\n\n<!-- wp:paragraph -->\n<p>&#8211; K\u00e4vely ladulla on\u00a0<strong><u>kielletty<\/u><\/strong>.\u00a0<\/p>\n<!-- \/wp:paragraph -->\n\n<!-- wp:paragraph -->\n<p>&#8211; Siirtyminen isolta parkkipaikalta kisa-alueelle kartan mukaisesti joko\u00a0<strong>k\u00e4vellen<\/strong>\u00a0tiet\u00e4 pitkin, tai\u00a0<strong>hiiht\u00e4en<\/strong>\u00a0latua pitkin\u00a0<\/p>\n<!-- \/wp:paragraph -->\n\n<!-- wp:paragraph -->\n<p>&#8211;<strong>\u00a0Kisalatu<\/strong>\u00a0on vain kisaajien k\u00e4yt\u00f6ss\u00e4 kisan aikana! Muita latuja voi hy\u00f6dynt\u00e4\u00e4 l\u00e4mmittelyyn ja verryttelyyn. Huomioikaa ehdottomasti hiihtosuunta my\u00f6s l\u00e4mmittelless\u00e4!\u00a0<\/p>\n<!-- \/wp:paragraph -->\n\n<!-- wp:paragraph -->\n<p>&#8211; Kisa-ladulla on kohtia, joissa hiihdet\u00e4\u00e4n kahteen suuntaan. Turvallisuuden vuoksi on t\u00e4rke\u00e4\u00e4 hiiht\u00e4\u00e4\u00a0<strong><u>oikeaa reunaa<\/u><\/strong>\u00a0ja huomioida vastaantulijat, sek\u00e4 latuohjaajien\u00a0ohjeet<\/p>\n<!-- \/wp:paragraph -->\n\n<!-- wp:paragraph -->\n<p>&#8211; Latu on paikoin kapea ja mik\u00e4li ohitustilanteita tulee, on nopeammalle hiiht\u00e4j\u00e4lle annettava mahdollisuus ohitukseen. Ohituksessa tulee kuitenkin huomioida my\u00f6s ohitettava<\/p>\n<!-- \/wp:paragraph -->\n\n<!-- wp:paragraph -->\n<p>&#8211; Alueelta l\u00f6ytyy\u00a0<strong>sis\u00e4vessa<\/strong>, mutta muuten sis\u00e4tiloja ei ole meid\u00e4n k\u00e4yt\u00f6ss\u00e4mme. Pyyd\u00e4mme opettajia muistuttamaan oppilaita vessan\u00a0<strong><u>siistist\u00e4 k\u00e4yt\u00f6st\u00e4<\/u><\/strong>. Tilat ovat meill\u00e4 lainassa ja pyyd\u00e4mme, ett\u00e4 ne pidet\u00e4\u00e4n siistein\u00e4.\u00a0<\/p>\n<!-- \/wp:paragraph -->\n\n<!-- wp:paragraph -->\n<p>&#8211; Ensimm\u00e4isen kisan (2-5lk) numerot l\u00f6ytyv\u00e4t kouluittain pussitettuina alueella sijaitsevasta\u00a0<strong>hiihtokansliasta<\/strong>\u00a0aamulla (sininen kontti kisapaikan parkkialueen reunassa)<\/p>\n<!-- \/wp:paragraph -->\n\n<!-- wp:paragraph -->\n<p>&#8211; Toisen kisan (6-9lk) numerot saa hakea\u00a0<strong>pussitettuina klo 11.15<\/strong>\u00a0samaisesta kontista<\/p>\n<!-- \/wp:paragraph -->\n\n<!-- wp:paragraph -->\n<p>&#8211; Pyyd\u00e4mme opettajia varmistamaan, ett\u00e4 kaikki kisaajat\u00a0<strong>palauttavat<\/strong>\u00a0numeron maalissa\u00a0<strong>HETI<\/strong>\u00a0hiihdon j\u00e4lkeen!\u00a0\u00a0<\/p>\n<!-- \/wp:paragraph -->\n\n<!-- wp:paragraph -->\n<p>Tervetuloa kisoihin!\u00a0<\/p>\n<!-- \/wp:paragraph -->\n\n<!-- wp:paragraph -->\n<p>T. Vaasan Hiiht\u00e4j\u00e4t<\/p>\n<!-- \/wp:paragraph --><\/div><\/li>\n<li><a class=\"wp-block-latest-posts__post-title\" href=\"https:\/\/vaasanhiihtajat.com\/v1\/skicup-2026-vaasan-hiihtajat\/\">Skicup 2026 Vaasan Hiiht\u00e4j\u00e4t<\/a><div class=\"wp-block-latest-posts__post-full-content\"><!-- wp:paragraph -->\n<p>(\u00d6jberget)<\/p>\n<!-- \/wp:paragraph -->\n\n<!-- wp:paragraph -->\n<p><strong>Aika:<\/strong> Torstai 5.3, ensimm\u00e4inen startti klo 18.30<\/p>\n<!-- \/wp:paragraph -->\n\n<!-- wp:paragraph -->\n<p><strong>Paikka:<\/strong> \u00d6jberget (Sundom IF maja, Vanha \u00d6jbergintie, Sundom)<\/p>\n<!-- \/wp:paragraph -->\n\n<!-- wp:paragraph -->\n<p><strong>Pys\u00e4k\u00f6inti:<\/strong> Kaksi pys\u00e4k\u00f6intialuetta, yksi hiihtoladun v\u00e4litt\u00f6m\u00e4ss\u00e4 l\u00e4heisyydess\u00e4, toinen v\u00e4h\u00e4n kauempana rinteill\u00e4 (iso parkkipaikka)<\/p>\n<!-- \/wp:paragraph -->\n\n<!-- wp:paragraph -->\n<p><strong>Tyyli:<\/strong> Vapaa<\/p>\n<!-- \/wp:paragraph -->\n\n<!-- wp:paragraph -->\n<p><strong>TULOKSET:<\/strong> <a href=\"https:\/\/vaasanhiihtajat.com\/v1\/wp-content\/uploads\/2026\/03\/Skicup_tulokset2026.pdf\" data-type=\"attachment\" data-id=\"928\">Skicup 2026 tulokset<\/a><\/p>\n<!-- \/wp:paragraph -->\n\n<!-- wp:paragraph -->\n<p><strong>L\u00c4HT\u00d6LISTAT: <\/strong><a href=\"https:\/\/vaasanhiihtajat.com\/v1\/wp-content\/uploads\/2026\/03\/Lahtolista_valmis_skicup26.pdf\" data-type=\"attachment\" data-id=\"925\">Skicup l\u00e4ht\u00f6lista<\/a><\/p>\n<!-- \/wp:paragraph -->\n\n<!-- wp:paragraph -->\n<p><strong>L\u00e4ht\u00f6numerot<\/strong> haetaan SIF majalta omatoimisesti. Tarkista numerosi l\u00e4ht\u00f6listasta ennen noutamista. Muista palauttaa numero maalissa! Ei j\u00e4lki-ilmoittautumisia. <\/p>\n<!-- \/wp:paragraph -->\n\n<!-- wp:paragraph -->\n<p>Sarjat ja alustavat matkat:<\/p>\n<!-- \/wp:paragraph -->\n\n<!-- wp:paragraph -->\n<p>T\/P 6 (2020 ja my\u00f6hemmin syntyneet) 0,5 km<\/p>\n<!-- \/wp:paragraph -->\n\n<!-- wp:paragraph -->\n<p>T\/P 8 (2018-2019) 1 km<\/p>\n<!-- \/wp:paragraph -->\n\n<!-- wp:paragraph -->\n<p>T\/P 10 (2016-2017) 2 km (800m + 1,2 km)<\/p>\n<!-- \/wp:paragraph -->\n\n<!-- wp:paragraph -->\n<p>T\/P 12 (2014-2015) 2 km (800m + 1,2 km)<\/p>\n<!-- \/wp:paragraph -->\n\n<!-- wp:paragraph -->\n<p>T\/P 14 (2012-2013) 3,2 km (800m + 2&#215;1,2 km)<\/p>\n<!-- \/wp:paragraph -->\n\n<!-- wp:paragraph -->\n<p>T\/P 16 (2010-2011) 4,4 km (800m + 3&#215;1,2 km)<\/p>\n<!-- \/wp:paragraph -->\n\n<!-- wp:paragraph -->\n<p>N\/M Coach 5,8 km (800m + 5&#215;1,2 km)<\/p>\n<!-- \/wp:paragraph -->\n\n<!-- wp:paragraph -->\n<p>Nuorimmissa sarjoissa (6-10v) reitin varrella ohjaajia opastamassa oikealle reitille.<\/p>\n<!-- \/wp:paragraph -->\n\n<!-- wp:paragraph -->\n<p><strong>Reittikartat:<\/strong> <a href=\"https:\/\/vaasanhiihtajat.com\/v1\/wp-content\/uploads\/2026\/02\/kisareitit_Skicup_2026.pdf\" data-type=\"attachment\" data-id=\"911\">kisareitit Skicup<\/a><\/p>\n<!-- \/wp:paragraph -->\n\n<!-- wp:paragraph -->\n<p>Kaikki saavat mehua ja palkinnon maaliintulon j\u00e4lkeen.<\/p>\n<!-- \/wp:paragraph -->\n\n<!-- wp:paragraph -->\n<p><strong>Tervetuloa!<\/strong><\/p>\n<!-- \/wp:paragraph -->\n\n<!-- wp:paragraph -->\n<p><strong>Inbjudan till SkiCup 2026 Vaasan Hiiht\u00e4j\u00e4t<\/strong><\/p>\n<!-- \/wp:paragraph -->\n\n<!-- wp:paragraph -->\n<p>(\u00d6jberget)<\/p>\n<!-- \/wp:paragraph -->\n\n<!-- wp:paragraph -->\n<p><strong>Tid:<\/strong> Torsdag 5.3, f\u00f6rsta start kl. 18.30<\/p>\n<!-- \/wp:paragraph -->\n\n<!-- wp:paragraph -->\n<p><strong>Plats:<\/strong> \u00d6jberget skidcentrum, Sundom IF:s skidstuga (Gamla \u00d6jbergsv\u00e4gen, Sundom)<\/p>\n<!-- \/wp:paragraph -->\n\n<!-- wp:paragraph -->\n<p><strong>Parkering<\/strong>: Tv\u00e5 parkeringsplatser finns n\u00e4ra skidsp\u00e5ret\/vid slalombackarna. Inga parkeringsvakter<\/p>\n<!-- \/wp:paragraph -->\n\n<!-- wp:paragraph -->\n<p>finns, anv\u00e4nd sunt bondf\u00f6rnuft.<\/p>\n<!-- \/wp:paragraph -->\n\n<!-- wp:paragraph -->\n<p><strong>Stil:<\/strong> Fristil<\/p>\n<!-- \/wp:paragraph -->\n\n<!-- wp:paragraph -->\n<p><strong>RESULTAT<\/strong>: <a href=\"https:\/\/vaasanhiihtajat.com\/v1\/wp-content\/uploads\/2026\/03\/Skicup_tulokset2026.pdf\" data-type=\"attachment\" data-id=\"928\">Skicup resultat 2026<\/a><\/p>\n<!-- \/wp:paragraph -->\n\n<!-- wp:paragraph -->\n<p><strong>STARTLISTOR:<\/strong> <a href=\"https:\/\/vaasanhiihtajat.com\/v1\/wp-content\/uploads\/2026\/03\/Lahtolista_valmis_skicup26.pdf\" data-type=\"attachment\" data-id=\"925\">Startlist<\/a><\/p>\n<!-- \/wp:paragraph -->\n\n<!-- wp:paragraph -->\n<p>Sj\u00e4lvservering av t\u00e4vlingsnummer vid SIF stuga. Kom ih\u00e5g att kontrollera din nummer fr\u00e5n startlistan.<\/p>\n<!-- \/wp:paragraph -->\n\n<!-- wp:paragraph -->\n<p><strong>OBS!<\/strong> Ingen efteranm\u00e4lan!<\/p>\n<!-- \/wp:paragraph -->\n\n<!-- wp:paragraph -->\n<p><strong>Klasser:<\/strong><\/p>\n<!-- \/wp:paragraph -->\n\n<!-- wp:paragraph -->\n<p>F\/P 6 (2020 och senare f\u00f6dda) 0.5 km<\/p>\n<!-- \/wp:paragraph -->\n\n<!-- wp:paragraph -->\n<p>F\/P 8 (2018-2019) 1 km<\/p>\n<!-- \/wp:paragraph -->\n\n<!-- wp:paragraph -->\n<p>F\/P 10 (2016-2017) 2 km (800m + 1,2 km)<\/p>\n<!-- \/wp:paragraph -->\n\n<!-- wp:paragraph -->\n<p>F\/P 12 (2014-2015) 2 km (800m + 1,2 km)<\/p>\n<!-- \/wp:paragraph -->\n\n<!-- wp:paragraph -->\n<p>F\/P 14 (2012-2013) 3,2 km (800m + 2&#215;1,2 km)<\/p>\n<!-- \/wp:paragraph -->\n\n<!-- wp:paragraph -->\n<p>F\/P 16 (2010-2011) 4,4 km (800m + 3&#215;1,2 km)<\/p>\n<!-- \/wp:paragraph -->\n\n<!-- wp:paragraph -->\n<p>D\/H coach 5,8 km (800m + 5&#215;1,2 km)<\/p>\n<!-- \/wp:paragraph -->\n\n<!-- wp:paragraph -->\n<p>V\u00e4gvisare kommer att finnas p\u00e5 str\u00e4ckor upp till F\/P12.<\/p>\n<!-- \/wp:paragraph -->\n\n<!-- wp:paragraph -->\n<p><strong>Sp\u00e5rkartor:<\/strong> <a href=\"https:\/\/vaasanhiihtajat.com\/v1\/wp-content\/uploads\/2026\/02\/kisareitit_Skicup_2026.pdf\" data-type=\"attachment\" data-id=\"911\">Sp\u00e5rkartor Skicup<\/a><\/p>\n<!-- \/wp:paragraph -->\n\n<!-- wp:paragraph -->\n<p>Alla f\u00e5r saft och ett pris n\u00e4r de kommer i m\u00e5l.<\/p>\n<!-- \/wp:paragraph -->\n\n<!-- wp:paragraph -->\n<p><strong>V\u00e4lkommen!<\/strong><\/p>\n<!-- \/wp:paragraph --><\/div><\/li>\n<\/ul>\n\n\n<div class=\"wp-block-buttons is-layout-flex wp-block-buttons-is-layout-flex\">\n<div class=\"wp-block-button\"><a class=\"wp-block-button__link wp-element-button\" href=\"https:\/\/vaasanhiihtajat.com\/v1\/uutiset\/\">Lis\u00e4\u00e4 uutisia<\/a><\/div>\n<\/div>\n","protected":false},"excerpt":{"rendered":"","protected":false},"author":3,"featured_media":0,"parent":0,"menu_order":0,"comment_status":"closed","ping_status":"closed","template":"","meta":{"footnotes":""},"class_list":["post-91","page","type-page","status-publish","hentry"],"_links":{"self":[{"href":"https:\/\/vaasanhiihtajat.com\/v1\/wp-json\/wp\/v2\/pages\/91","targetHints":{"allow":["GET"]}}],"collection":[{"href":"https:\/\/vaasanhiihtajat.com\/v1\/wp-json\/wp\/v2\/pages"}],"about":[{"href":"https:\/\/vaasanhiihtajat.com\/v1\/wp-json\/wp\/v2\/types\/page"}],"author":[{"embeddable":true,"href":"https:\/\/vaasanhiihtajat.com\/v1\/wp-json\/wp\/v2\/users\/3"}],"replies":[{"embeddable":true,"href":"https:\/\/vaasanhiihtajat.com\/v1\/wp-json\/wp\/v2\/comments?post=91"}],"version-history":[{"count":5,"href":"https:\/\/vaasanhiihtajat.com\/v1\/wp-json\/wp\/v2\/pages\/91\/revisions"}],"predecessor-version":[{"id":220,"href":"https:\/\/vaasanhiihtajat.com\/v1\/wp-json\/wp\/v2\/pages\/91\/revisions\/220"}],"wp:attachment":[{"href":"https:\/\/vaasanhiihtajat.com\/v1\/wp-json\/wp\/v2\/media?parent=91"}],"curies":[{"name":"wp","href":"https:\/\/api.w.org\/{rel}","templated":true}]}}